{"id":1148,"date":"2020-12-20T21:34:23","date_gmt":"2020-12-20T20:34:23","guid":{"rendered":"https:\/\/f7.vamtam.com\/?page_id=1148"},"modified":"2024-05-25T16:07:28","modified_gmt":"2024-05-25T14:07:28","slug":"terms-conditions","status":"publish","type":"page","link":"https:\/\/we-gruppe.de\/?page_id=1148","title":{"rendered":"Impressum"},"content":{"rendered":"\t\t<div data-elementor-type=\"wp-page\" data-elementor-id=\"1148\" class=\"elementor elementor-1148\" data-elementor-post-type=\"page\">\n\t\t\t\t\t\t<section class=\"elementor-section elementor-top-section elementor-element elementor-element-a3f10fd elementor-section-boxed elementor-section-height-default elementor-section-height-default\" data-id=\"a3f10fd\" data-element_type=\"section\" data-e-type=\"section\">\n\t\t\t\t\t\t<div class=\"elementor-container elementor-column-gap-no\">\n\t\t\t\t\t<div class=\"elementor-column elementor-col-100 elementor-top-column elementor-element elementor-element-f2eb917\" data-id=\"f2eb917\" data-element_type=\"column\" data-e-type=\"column\">\n\t\t\t<div class=\"elementor-widget-wrap elementor-element-populated\">\n\t\t\t\t\t\t\t<\/div>\n\t\t<\/div>\n\t\t\t\t\t<\/div>\n\t\t<\/section>\n\t\t\t\t<section class=\"elementor-section elementor-top-section elementor-element elementor-element-43973e5 elementor-section-boxed elementor-section-height-default elementor-section-height-default\" data-id=\"43973e5\" data-element_type=\"section\" data-e-type=\"section\">\n\t\t\t\t\t\t<div class=\"elementor-container elementor-column-gap-no\">\n\t\t\t\t\t<div class=\"elementor-column elementor-col-100 elementor-top-column elementor-element elementor-element-f39ee44\" data-id=\"f39ee44\" data-element_type=\"column\" data-e-type=\"column\">\n\t\t\t<div class=\"elementor-widget-wrap elementor-element-populated\">\n\t\t\t\t\t\t<div class=\"elementor-element elementor-element-35196d7 elementor-widget elementor-widget-text-editor\" data-id=\"35196d7\" data-element_type=\"widget\" data-e-type=\"widget\" data-widget_type=\"text-editor.default\">\n\t\t\t\t<div class=\"elementor-widget-container\">\n\t\t\t\t\t\t\t\t\t<h3>Angaben gem\u00e4\u00df \u00a7 5 TMG<\/h3><p><strong>Wieland Elektrotechnik GmbH<\/strong><\/p><p>Senefelder Stra\u00dfe 15<br \/>74182 Obersulm<\/p><p>Gesch\u00e4ftsf\u00fchrer: Herr Heiko Wieland<\/p><h3>Kontakt<\/h3><p>Telefon: 07134 &#8211; 90 89 31<\/p><p>E-Mail: kontakt@we-gruppe.de<\/p><h3>Steuer-HRB Eintrag<\/h3><p>Umsatzsteuer-Identifikationsnummer: DE348930453<\/p><p>Sitz der Gesellschaft: Obersulm<\/p><p>Registergericht:\u00a0 Amtsgericht Stuttgart\u00a0<\/p><p>Registernummer: HRB 782003<\/p><h3>Redaktionell verantwortlich<\/h3><p>Herr Heiko Wieland<\/p><h3>EU-Streitschlichtung<\/h3><p>Die Europ\u00e4ische Kommission stellt eine Plattform zur Online-Streitbeilegung (OS) bereit: <a href=\"https:\/\/ec.europa.eu\/consumers\/odr\/\" target=\"_blank\" rel=\"noopener noreferrer\">https:\/\/ec.europa.eu\/consumers\/odr\/<\/a>.<br \/>Unsere E-Mail-Adresse finden Sie oben im Impressum.<\/p><h3>Verbraucher\u00adstreit\u00adbeilegung\/Universal\u00adschlichtungs\u00adstelle<\/h3><p>Wir sind nicht bereit oder verpflichtet, an Streitbeilegungsverfahren vor einer Verbraucherschlichtungsstelle teilzunehmen.<\/p><p>Quelle: <a href=\"https:\/\/www.e-recht24.de\">e-recht24.de<\/a><\/p>\t\t\t\t\t\t\t\t<\/div>\n\t\t\t\t<\/div>\n\t\t\t\t\t<\/div>\n\t\t<\/div>\n\t\t\t\t\t<\/div>\n\t\t<\/section>\n\t\t\t\t<\/div>\n\t\t","protected":false},"excerpt":{"rendered":"<p>Angaben gem\u00e4\u00df \u00a7 5 TMG Wieland Elektrotechnik GmbH Senefelder Stra\u00dfe 1574182 Obersulm Gesch\u00e4ftsf\u00fchrer: Herr Heiko Wieland Kontakt Telefon: 07134 &#8211; 90 89 31 E-Mail: kontakt@we-gruppe.de Steuer-HRB Eintrag Umsatzsteuer-Identifikationsnummer: DE348930453 Sitz der Gesellschaft: Obersulm Registergericht:\u00a0 Amtsgericht Stuttgart\u00a0 Registernummer: HRB 782003 Redaktionell verantwortlich Herr Heiko Wieland EU-Streitschlichtung Die Europ\u00e4ische Kommission stellt eine Plattform zur Online-Streitbeilegung (OS) bereit:&#8230;<\/p>\n","protected":false},"author":1,"featured_media":0,"parent":0,"menu_order":0,"comment_status":"closed","ping_status":"closed","template":"","meta":{"footnotes":""},"class_list":["post-1148","page","type-page","status-publish","hentry"],"_links":{"self":[{"href":"https:\/\/we-gruppe.de\/index.php?rest_route=\/wp\/v2\/pages\/1148","targetHints":{"allow":["GET"]}}],"collection":[{"href":"https:\/\/we-gruppe.de\/index.php?rest_route=\/wp\/v2\/pages"}],"about":[{"href":"https:\/\/we-gruppe.de\/index.php?rest_route=\/wp\/v2\/types\/page"}],"author":[{"embeddable":true,"href":"https:\/\/we-gruppe.de\/index.php?rest_route=\/wp\/v2\/users\/1"}],"replies":[{"embeddable":true,"href":"https:\/\/we-gruppe.de\/index.php?rest_route=%2Fwp%2Fv2%2Fcomments&post=1148"}],"version-history":[{"count":23,"href":"https:\/\/we-gruppe.de\/index.php?rest_route=\/wp\/v2\/pages\/1148\/revisions"}],"predecessor-version":[{"id":990116,"href":"https:\/\/we-gruppe.de\/index.php?rest_route=\/wp\/v2\/pages\/1148\/revisions\/990116"}],"wp:attachment":[{"href":"https:\/\/we-gruppe.de\/index.php?rest_route=%2Fwp%2Fv2%2Fmedia&parent=1148"}],"curies":[{"name":"wp","href":"https:\/\/api.w.org\/{rel}","templated":true}]}}